{"id":11124,"date":"2019-06-25T06:07:38","date_gmt":"2019-06-25T06:07:38","guid":{"rendered":"http:\/\/gras.pl\/polityka-prywatnosci\/"},"modified":"2020-01-07T10:58:57","modified_gmt":"2020-01-07T10:58:57","slug":"datenschutzerklarung","status":"publish","type":"page","link":"https:\/\/gras.pl\/de\/datenschutzerklarung\/","title":{"rendered":"Datenschutzerkl\u00e4rung"},"content":{"rendered":"\n<h2 class=\"wp-block-heading\"><strong>Datenschutzerkl\u00e4rung<\/strong><\/h2>\n\n\n\n<p>Gem\u00e4\u00df Art.\n13 der Verordnung (EU) 2016\/679 des Europ\u00e4ischen Parlaments und des Rates zum\nSchutz nat\u00fcrlicher Personen bei der Verarbeitung personenbezogener Daten und\nzum freien Datenverkehr sowie zur Aufhebung der Richtlinie 95\/46\/EG\n(&#8222;DSGVO&#8220;), informieren wir Sie hiermit \u00fcber Folgendes :<\/p>\n\n\n\n<ol><li>Der Datenverantwortliche Ihrer pers\u00f6nlichen Daten ist Prywatne Przedsi\u0119biorstwo Produkcyjno \u2013 Handlowe [Privates Produktions- und Handelsunternehmen] \u201eGRAS\u201d Piotr Grabowski, mit Sitz in Korzybie, Adresse: 77-230 K\u0119pice, Korzybie, ul.\u00a0S\u0142awie\u0144ska 12, USt-IdNr.: 8390201293 (&#8222;Datenverantwortlicher&#8220;). In Angelegenheiten im Zusammenhang mit der Verarbeitung Ihrer pers\u00f6nlichen Daten durch den Datenverantwortlichen wenden Sie sich bitte per E-Mail an gras@gras.pl oder schriftlich an folgende Adresse: GRAS PPPH mit Sitz in Korzybie, Adresse: 77-230 Kepice, Korzybie, ul.\u00a0S\u0142awie\u0144ska 12 mit dem Vermerk &#8222;Personenbezogene Daten&#8220;.<\/li><li>Ihre personenbezogenen Daten k\u00f6nnen vom Datenverantwortlichen verarbeitet werden:<ol type=\"1\"><li>um den Vertrag, dessen Partei sie sind, auszuf\u00fchren, oder auf Ihren Wunsch hin Ma\u00dfnahmen vor dem Vertragsabschluss vorzunehmen, in Verbindung mit der vom Datenverantwortlichen gef\u00fchrten Gesch\u00e4ftst\u00e4tigkeit (Rechtsgrundlage: Art. 6 Abs. 1 lit. b DSGVO),<\/li><li>f\u00fcr Marketingzwecke im Zusammenhang mit GRAS-Produkten und -Dienstleistungen (Rechtsgrundlage: Art. 6 Abs. 1 lit. a DSGVO),<\/li><li>zur Erf\u00fcllung der dem Datenverantwortlichen obliegenden gesetzlichen Pflichten, insbesondere zur Ausstellung und Aufbewahrung von Rechnungen\/Verkaufsunterlagen und sonstigen Rechnungslegungsunterlagen (Rechtsgrundlage: Art. 6 Abs. 1 lit. c DSGVO),<\/li><li>zur Verfolgung von Anspr\u00fcchen und zur Abwehr von Anspr\u00fcchen aus der Gesch\u00e4ftst\u00e4tigkeit des Datenverantwortlichen (Rechtsgrundlage: Art. 6 Abs. 1 lit. f DSGVO),<\/li><li>zur Durchf\u00fchrung der Stellenbesetzung, im Falle der Bewerbung f\u00fcr das Stellenbesetzungsverfahren, auf der Grundlage der ausdr\u00fccklichen Zustimmung und der gesetzlichen Verpflichtung des       Datenverantwortlichen\u00a0 (Rechtsgrundlage: Art. 6 Abs. 1 lit. a und c DSGVO),<\/li><li>um die Sicherheit der in den R\u00e4umlichkeiten des Datenverantwortlichen t\u00e4tigen Personen, den Schutz des Eigentums des Datenverantwortlichen sowie die Sicherheit der Personen, die die R\u00e4umlichkeiten des Datenverantwortlichen besuchen, durch Aufzeichnung von Ein- und Ausg\u00e4ngen zu gew\u00e4hrleisten (Rechtsgrundlage: Art. 6 Abs. 1 lit. c und f DSGVO).<\/li><\/ol><\/li><li>Empf\u00e4nger Ihrer personenbezogenen Daten k\u00f6nnen die Lieferanten des Datenverantwortlichen sein, an die der Administrator im Zusammenhang mit der Verarbeitung personenbezogener Daten Dienstleistungen vergeben oder in Auftrag gegeben hat, beispielsweise IT-Dienstleister, Buchhaltungsdienstleister sowie Angestellte und Mitarbeiter des Datenverantwortlichen, mit deren Hilfe der Datenverantwortliche seine Gesch\u00e4ftst\u00e4tigkeit ausf\u00fchrt. Die Verarbeitung Ihrer personenbezogenen Daten durch diese Unternehmen erfolgt auf der Grundlage eines Vertrags mit dem Datenverantwortlichen oder einer Vollmacht des Datenverantwortlichen und in \u00dcbereinstimmung mit seinen Anweisungen. Empf\u00e4nger personenbezogener Daten k\u00f6nnen auch Unternehmen sein, die befugt sind, personenbezogene Daten auf der Grundlage des anwendbaren Rechts zu erheben.<\/li><li>Der Datenverantwortliche speichert pers\u00f6nliche Daten:<ol type=\"1\"><li>die f\u00fcr den in Pkt. 2.1 und 2.4 genannten Zweck verarbeitet werden &#8211; f\u00fcr die Verj\u00e4hrungsfrist der dem Datenverantwortlichen und in Bezug auf den Datenverantwortlichen zustehenden Anspr\u00fcche,<\/li><li>die f\u00fcr den in Pkt. 2.3 genannten Zweck verarbeitet werden &#8211; f\u00fcr den Zeitraum, in dem der Datenverantwortliche verpflichtet ist, personenbezogene Daten auf der Grundlage des geltenden Rechts zu speichern,<\/li><li>die f\u00fcr den in Pkt. 2.2 genannten Zweck verarbeitet werden &#8211; f\u00fcr den Zeitraum, in dem der Datenverantwortliche die Zustimmung f\u00fcr die Datenverarbeitung besitzt,<\/li><li>die f\u00fcr den in Pkt. 2.5 genannten Zweck verarbeitet werden &#8211; f\u00fcr den Zeitraum, in dem das Einstellungsverfahren durchgef\u00fchrt wird, sofern der Bewerber nicht ausdr\u00fccklich zugestimmt hat, dass die zu verarbeitenden Daten auch nach seiner Beendigung f\u00fcr weitere Einstellungsverfahren verwendet werden,<\/li><li>die f\u00fcr den in Pkt. 2.6 genannten Zweck verarbeitet werden &#8211; f\u00fcr einen Zeitraum von 12 Monaten.<\/li><\/ol><\/li><li>Ihre personenbezogenen Daten werden nicht automatisiert verarbeitet, auch nicht profiliert, und sie werden nicht an Empf\u00e4nger in Drittl\u00e4ndern oder an internationale Organisationen weitergeleitet.<\/li><li>F\u00fcr den Fall, dass der Datenverantwortliche personenbezogene Daten eines Dritten erh\u00e4lt, best\u00e4tigt die Stelle, die diese Daten \u00fcbermittelt, auf diese Weise, dass sie die Zustimmung der betroffenen Person zur Weitergabe der Daten an den Datenverantwortlichen hat.<\/li><li>Sie haben das Recht: vom Datenverantwortlichen Zugriff auf personenbezogene Daten zu fordern, das Recht, diese zu berichtigen, zu l\u00f6schen oder die Verarbeitung einzuschr\u00e4nken, der Verarbeitung zu widersprechen, Daten zu \u00fcbermitteln sowie die Einwilligung jederzeit zu widerrufen, in dem Umfang, in dem Ihre Daten auf Grundlage einer solchen Einwilligung verarbeitet werden. Der Widerruf der Einwilligung ber\u00fchrt nicht die Rechtm\u00e4\u00dfigkeit der Verarbeitung auf der Grundlage Ihrer Einwilligung vor ihrem Widerruf.<\/li><li>Um die unter Pkt. 7 genannten Rechte auszu\u00fcben, wenden Sie sich bitte an den Datenverantwortlichen gem\u00e4\u00df den unter Pkt. 1 weiter oben angegebenen Kontaktdaten.<\/li><li>Sie haben das Recht, eine Beschwerde bei der Aufsichtsbeh\u00f6rde &#8211; dem Amt f\u00fcr den Schutz personenbezogener Daten &#8211; einzureichen.<\/li><li>Die Angabe personenbezogener Daten ist freiwillig, aber erforderlich, um den Zweck zu erreichen, f\u00fcr den diese Daten vom Datenverantwortlichen erhoben und verarbeitet werden. Die Angabe von Daten ist insbesondere eine Bedingung f\u00fcr die Nutzung der Produkte und Dienstleistungen des Datenverantwortlichen. Die fehlende Angabe von Daten in dem vom Datenverantwortlichen verlangten Umfang kann zur Unm\u00f6glichkeit der Vertragserf\u00fcllung f\u00fchren.<\/li><li>Der Datenverantwortliche ist berechtigt, die Datenschutzrichtlinie zu pr\u00fcfen und in Situationen zu \u00e4ndern, in denen dies erforderlich oder w\u00fcnschenswert ist, insbesondere aufgrund von: neuem Recht, neuen Richtlinien der f\u00fcr die \u00dcberwachung von Datenschutzverfahren zust\u00e4ndigen Beh\u00f6rden, bew\u00e4hrten Praktiken im Bereich des Schutzes personenbezogene Daten oder im Falle einer \u00c4nderung der Technologie, mit der der Datenverantwortliche Daten verarbeitet, sowie im Falle einer \u00c4nderung der Methoden, Zwecke oder rechtlichen Gr\u00fcnde f\u00fcr die Verarbeitung personenbezogener Daten durch den Datenverantwortlichen.<br>Die aktualisierte Version der Sicherheitsrichtlinie wird auf der Website des f\u00fcr die Verarbeitung Verantwortlichen unter www.gras.pl ver\u00f6ffentlicht<\/li><\/ol>\n\n\n\n<p>Privates Produktions- und Handelsunternehmen &#8222;GRAS&#8220; <br>Piotr Grabowski<\/p>\n","protected":false},"excerpt":{"rendered":"<p>Datenschutzerkl\u00e4rung Gem\u00e4\u00df Art. 13 der Verordnung (EU) 2016\/679 des Europ\u00e4ischen Parlaments und des Rates zum Schutz nat\u00fcrlicher Personen bei der Verarbeitung personenbezogener Daten und zum freien Datenverkehr sowie zur Aufhebung der Richtlinie 95\/46\/EG (&#8222;DSGVO&#8220;), informieren wir Sie hiermit \u00fcber Folgendes : Der Datenverantwortliche Ihrer pers\u00f6nlichen Daten ist Prywatne Przedsi\u0119biorstwo Produkcyjno \u2013 Handlowe [Privates Produktions- und [&hellip;]<\/p>\n","protected":false},"author":3,"featured_media":0,"parent":0,"menu_order":5,"comment_status":"closed","ping_status":"closed","template":"","meta":{"inline_featured_image":false,"footnotes":""},"acf":[],"yoast_head":"<!-- This site is optimized with the Yoast SEO plugin v20.10 - https:\/\/yoast.com\/wordpress\/plugins\/seo\/ -->\n<title>Datenschutzerkl\u00e4rung | Gras.pl<\/title>\n<meta name=\"robots\" content=\"index, follow, max-snippet:-1, max-image-preview:large, max-video-preview:-1\" \/>\n<link rel=\"canonical\" href=\"https:\/\/gras.pl\/de\/datenschutzerklarung\/\" \/>\n<meta property=\"og:locale\" content=\"de_DE\" \/>\n<meta property=\"og:type\" content=\"article\" \/>\n<meta property=\"og:title\" content=\"Datenschutzerkl\u00e4rung | Gras.pl\" \/>\n<meta property=\"og:description\" content=\"Datenschutzerkl\u00e4rung Gem\u00e4\u00df Art. 13 der Verordnung (EU) 2016\/679 des Europ\u00e4ischen Parlaments und des Rates zum Schutz nat\u00fcrlicher Personen bei der Verarbeitung personenbezogener Daten und zum freien Datenverkehr sowie zur Aufhebung der Richtlinie 95\/46\/EG (&#8222;DSGVO&#8220;), informieren wir Sie hiermit \u00fcber Folgendes : Der Datenverantwortliche Ihrer pers\u00f6nlichen Daten ist Prywatne Przedsi\u0119biorstwo Produkcyjno \u2013 Handlowe [Privates Produktions- und [&hellip;]\" \/>\n<meta property=\"og:url\" content=\"https:\/\/gras.pl\/de\/datenschutzerklarung\/\" \/>\n<meta property=\"og:site_name\" content=\"Gras.pl\" \/>\n<meta property=\"article:modified_time\" content=\"2020-01-07T10:58:57+00:00\" \/>\n<meta name=\"twitter:card\" content=\"summary_large_image\" \/>\n<meta name=\"twitter:label1\" content=\"Gesch\u00e4tzte Lesezeit\" \/>\n\t<meta name=\"twitter:data1\" content=\"5 Minuten\" \/>\n<script type=\"application\/ld+json\" class=\"yoast-schema-graph\">{\"@context\":\"https:\/\/schema.org\",\"@graph\":[{\"@type\":\"WebPage\",\"@id\":\"https:\/\/gras.pl\/de\/datenschutzerklarung\/\",\"url\":\"https:\/\/gras.pl\/de\/datenschutzerklarung\/\",\"name\":\"Datenschutzerkl\u00e4rung | Gras.pl\",\"isPartOf\":{\"@id\":\"https:\/\/gras.pl\/de\/#website\"},\"datePublished\":\"2019-06-25T06:07:38+00:00\",\"dateModified\":\"2020-01-07T10:58:57+00:00\",\"breadcrumb\":{\"@id\":\"https:\/\/gras.pl\/de\/datenschutzerklarung\/#breadcrumb\"},\"inLanguage\":\"de-DE\",\"potentialAction\":[{\"@type\":\"ReadAction\",\"target\":[\"https:\/\/gras.pl\/de\/datenschutzerklarung\/\"]}]},{\"@type\":\"BreadcrumbList\",\"@id\":\"https:\/\/gras.pl\/de\/datenschutzerklarung\/#breadcrumb\",\"itemListElement\":[{\"@type\":\"ListItem\",\"position\":1,\"name\":\"Strona g\u0142\u00f3wna\",\"item\":\"https:\/\/gras.pl\/de\/\"},{\"@type\":\"ListItem\",\"position\":2,\"name\":\"Datenschutzerkl\u00e4rung\"}]},{\"@type\":\"WebSite\",\"@id\":\"https:\/\/gras.pl\/de\/#website\",\"url\":\"https:\/\/gras.pl\/de\/\",\"name\":\"Gras.pl\",\"description\":\"hydranty producent, szafka hydrantowa, hydranty wewn\u0119trzne\",\"potentialAction\":[{\"@type\":\"SearchAction\",\"target\":{\"@type\":\"EntryPoint\",\"urlTemplate\":\"https:\/\/gras.pl\/de\/?s={search_term_string}\"},\"query-input\":\"required name=search_term_string\"}],\"inLanguage\":\"de-DE\"}]}<\/script>\n<!-- \/ Yoast SEO plugin. -->","yoast_head_json":{"title":"Datenschutzerkl\u00e4rung | Gras.pl","robots":{"index":"index","follow":"follow","max-snippet":"max-snippet:-1","max-image-preview":"max-image-preview:large","max-video-preview":"max-video-preview:-1"},"canonical":"https:\/\/gras.pl\/de\/datenschutzerklarung\/","og_locale":"de_DE","og_type":"article","og_title":"Datenschutzerkl\u00e4rung | Gras.pl","og_description":"Datenschutzerkl\u00e4rung Gem\u00e4\u00df Art. 13 der Verordnung (EU) 2016\/679 des Europ\u00e4ischen Parlaments und des Rates zum Schutz nat\u00fcrlicher Personen bei der Verarbeitung personenbezogener Daten und zum freien Datenverkehr sowie zur Aufhebung der Richtlinie 95\/46\/EG (&#8222;DSGVO&#8220;), informieren wir Sie hiermit \u00fcber Folgendes : Der Datenverantwortliche Ihrer pers\u00f6nlichen Daten ist Prywatne Przedsi\u0119biorstwo Produkcyjno \u2013 Handlowe [Privates Produktions- und [&hellip;]","og_url":"https:\/\/gras.pl\/de\/datenschutzerklarung\/","og_site_name":"Gras.pl","article_modified_time":"2020-01-07T10:58:57+00:00","twitter_card":"summary_large_image","twitter_misc":{"Gesch\u00e4tzte Lesezeit":"5 Minuten"},"schema":{"@context":"https:\/\/schema.org","@graph":[{"@type":"WebPage","@id":"https:\/\/gras.pl\/de\/datenschutzerklarung\/","url":"https:\/\/gras.pl\/de\/datenschutzerklarung\/","name":"Datenschutzerkl\u00e4rung | Gras.pl","isPartOf":{"@id":"https:\/\/gras.pl\/de\/#website"},"datePublished":"2019-06-25T06:07:38+00:00","dateModified":"2020-01-07T10:58:57+00:00","breadcrumb":{"@id":"https:\/\/gras.pl\/de\/datenschutzerklarung\/#breadcrumb"},"inLanguage":"de-DE","potentialAction":[{"@type":"ReadAction","target":["https:\/\/gras.pl\/de\/datenschutzerklarung\/"]}]},{"@type":"BreadcrumbList","@id":"https:\/\/gras.pl\/de\/datenschutzerklarung\/#breadcrumb","itemListElement":[{"@type":"ListItem","position":1,"name":"Strona g\u0142\u00f3wna","item":"https:\/\/gras.pl\/de\/"},{"@type":"ListItem","position":2,"name":"Datenschutzerkl\u00e4rung"}]},{"@type":"WebSite","@id":"https:\/\/gras.pl\/de\/#website","url":"https:\/\/gras.pl\/de\/","name":"Gras.pl","description":"hydranty producent, szafka hydrantowa, hydranty wewn\u0119trzne","potentialAction":[{"@type":"SearchAction","target":{"@type":"EntryPoint","urlTemplate":"https:\/\/gras.pl\/de\/?s={search_term_string}"},"query-input":"required name=search_term_string"}],"inLanguage":"de-DE"}]}},"_links":{"self":[{"href":"https:\/\/gras.pl\/de\/wp-json\/wp\/v2\/pages\/11124"}],"collection":[{"href":"https:\/\/gras.pl\/de\/wp-json\/wp\/v2\/pages"}],"about":[{"href":"https:\/\/gras.pl\/de\/wp-json\/wp\/v2\/types\/page"}],"author":[{"embeddable":true,"href":"https:\/\/gras.pl\/de\/wp-json\/wp\/v2\/users\/3"}],"replies":[{"embeddable":true,"href":"https:\/\/gras.pl\/de\/wp-json\/wp\/v2\/comments?post=11124"}],"version-history":[{"count":0,"href":"https:\/\/gras.pl\/de\/wp-json\/wp\/v2\/pages\/11124\/revisions"}],"wp:attachment":[{"href":"https:\/\/gras.pl\/de\/wp-json\/wp\/v2\/media?parent=11124"}],"curies":[{"name":"wp","href":"https:\/\/api.w.org\/{rel}","templated":true}]}}